{"id":145,"date":"2023-06-07T12:23:36","date_gmt":"2023-06-07T15:23:36","guid":{"rendered":"https:\/\/flexitub.nextwayhost.com\/?page_id=145"},"modified":"2023-06-07T14:54:18","modified_gmt":"2023-06-07T17:54:18","slug":"canos-flexibles","status":"publish","type":"page","link":"https:\/\/flexitub.com.ar\/index.php\/canos-flexibles\/","title":{"rendered":"Ca\u00f1os Flexibles"},"content":{"rendered":"\t\t<div data-elementor-type=\"wp-page\" data-elementor-id=\"145\" class=\"elementor elementor-145\" data-elementor-post-type=\"page\">\n\t\t\t\t\t\t<section class=\"elementor-section elementor-top-section elementor-element elementor-element-c3e3ab9 elementor-section-boxed elementor-section-height-default elementor-section-height-default\" data-id=\"c3e3ab9\" data-element_type=\"section\" data-e-type=\"section\">\n\t\t\t\t\t\t<div class=\"elementor-container elementor-column-gap-default\">\n\t\t\t\t\t<div class=\"elementor-column elementor-col-50 elementor-top-column elementor-element elementor-element-fbec571\" data-id=\"fbec571\" data-element_type=\"column\" data-e-type=\"column\">\n\t\t\t<div class=\"elementor-widget-wrap elementor-element-populated\">\n\t\t\t\t\t\t<div class=\"elementor-element elementor-element-5c929ec elementor-widget elementor-widget-heading\" data-id=\"5c929ec\" data-element_type=\"widget\" data-e-type=\"widget\" data-widget_type=\"heading.default\">\n\t\t\t\t<div class=\"elementor-widget-container\">\n\t\t\t\t\t<h2 class=\"elementor-heading-title elementor-size-default\">Ca\u00f1os met\u00e1licos flexibles sin recubrimiento exterior<\/h2>\t\t\t\t<\/div>\n\t\t\t\t<\/div>\n\t\t\t\t<div class=\"elementor-element elementor-element-1c25d57 elementor-widget elementor-widget-text-editor\" data-id=\"1c25d57\" data-element_type=\"widget\" data-e-type=\"widget\" data-widget_type=\"text-editor.default\">\n\t\t\t\t<div class=\"elementor-widget-container\">\n\t\t\t\t\t\t\t\t\t<p>Construidos con fleje de hierro doble decapado zincado electr\u00f3nicamente. Perfilados, enrollados en espiral y agrafados sin cubierta protectora. Se utilizan para instalaciones el\u00e9ctricas, protecci\u00f3n mec\u00e1nica para cables, mangueras, entre otros.<br \/>Con distintas juntas interiores para ventilaci\u00f3n, adaptables a cualquier tipo de conector.<br \/>Sobre pedido se fabrican medidas especiales y en varios tipos de materiales (lat\u00f3n, acero inoxidable, etc.)<\/p>\t\t\t\t\t\t\t\t<\/div>\n\t\t\t\t<\/div>\n\t\t\t\t<div class=\"elementor-element elementor-element-c202a7c elementor-widget elementor-widget-html\" data-id=\"c202a7c\" data-element_type=\"widget\" data-e-type=\"widget\" data-widget_type=\"html.default\">\n\t\t\t\t<div class=\"elementor-widget-container\">\n\t\t\t\t\t<table class=\"uk-table uk-table-striped uk-table-condensed uk-table-hover\">\r\n                    <thead>\r\n                        <tr>\r\n                            <th>Articulo<\/th>\r\n                            <th>\t\r\nMedidas el\u00e9ctricas<\/th>\r\n                            <th>Envase (m. x rollo)<\/th>\r\n                        <\/tr>\r\n                    <\/thead>\r\n                    <tbody>\r\n                        <tr>\r\n                          <td>0200\/1<\/td>\r\n                          <td>1\/2\"<\/td>\r\n                          <td>25<\/td>\r\n                        <\/tr>\r\n                        <tr>\r\n                          <td>0200\/2<\/td>\r\n                          <td>5\/8\"<\/td>\r\n                          <td>25<\/td>\r\n                        <\/tr>\r\n                        <tr>\r\n                          <td>0200\/3<\/td>\r\n                          <td>3\/4\"<\/td>\r\n                          <td>25<\/td>\r\n                        <\/tr>\r\n                        <tr>\r\n                          <td>0200\/4<\/td>\r\n                          <td>7\/8\"<\/td>\r\n                          <td>25<\/td>\r\n                        <\/tr>\r\n                        <tr>\r\n                          <td>0200\/5<\/td>\r\n                          <td>1\"<\/td>\r\n                          <td>25<\/td>\r\n                        <\/tr>\r\n                        <tr>\r\n                          <td>0200\/6<\/td>\r\n                          <td>1 1\/4\"<\/td>\r\n                          <td>25<\/td>\r\n                        <\/tr>\r\n                        <tr>\r\n                            <td>0200\/7<\/td>\r\n                            <td>1 1\/2\"<\/td>\r\n                            <td>25<\/td>\r\n                        <\/tr>\r\n                        <tr>\r\n                            <td>0200\/9<\/td>\r\n                            <td>2\"<\/td>\r\n                            <td>25<\/td>\r\n                        <\/tr>\r\n                    <\/tbody>\r\n                <\/table>\t\t\t\t<\/div>\n\t\t\t\t<\/div>\n\t\t\t\t\t<\/div>\n\t\t<\/div>\n\t\t\t\t<div class=\"elementor-column elementor-col-50 elementor-top-column elementor-element elementor-element-5e28b74\" data-id=\"5e28b74\" data-element_type=\"column\" data-e-type=\"column\">\n\t\t\t<div class=\"elementor-widget-wrap elementor-element-populated\">\n\t\t\t\t\t\t<div class=\"elementor-element elementor-element-f0a664d e-transform elementor-widget elementor-widget-image\" data-id=\"f0a664d\" data-element_type=\"widget\" data-e-type=\"widget\" data-settings=\"{&quot;_animation&quot;:&quot;none&quot;,&quot;_transform_rotateZ_effect_hover&quot;:{&quot;unit&quot;:&quot;px&quot;,&quot;size&quot;:&quot;&quot;,&quot;sizes&quot;:[]},&quot;_transform_rotateZ_effect_hover_tablet&quot;:{&quot;unit&quot;:&quot;deg&quot;,&quot;size&quot;:&quot;&quot;,&quot;sizes&quot;:[]},&quot;_transform_rotateZ_effect_hover_mobile&quot;:{&quot;unit&quot;:&quot;deg&quot;,&quot;size&quot;:&quot;&quot;,&quot;sizes&quot;:[]}}\" data-widget_type=\"image.default\">\n\t\t\t\t<div class=\"elementor-widget-container\">\n\t\t\t\t\t\t\t\t\t\t\t\t\t\t\t<img fetchpriority=\"high\" decoding=\"async\" width=\"300\" height=\"225\" src=\"https:\/\/flexitub.com.ar\n\/wp-content\/uploads\/2023\/06\/caoflexible1-300x225.jpg\" class=\"attachment-medium size-medium wp-image-147\" alt=\"\" srcset=\"https:\/\/flexitub.com.ar\n\/wp-content\/uploads\/2023\/06\/caoflexible1-300x225.jpg 300w, https:\/\/flexitub.com.ar\n\/wp-content\/uploads\/2023\/06\/caoflexible1-768x576.jpg 768w, https:\/\/flexitub.com.ar\n\/wp-content\/uploads\/2023\/06\/caoflexible1.jpg 800w\" sizes=\"(max-width: 300px) 100vw, 300px\" \/>\t\t\t\t\t\t\t\t\t\t\t\t\t\t\t<\/div>\n\t\t\t\t<\/div>\n\t\t\t\t<div class=\"elementor-element elementor-element-5f7b7de elementor-widget elementor-widget-image\" data-id=\"5f7b7de\" data-element_type=\"widget\" data-e-type=\"widget\" data-widget_type=\"image.default\">\n\t\t\t\t<div class=\"elementor-widget-container\">\n\t\t\t\t\t\t\t\t\t\t\t\t\t\t\t<img decoding=\"async\" width=\"300\" height=\"225\" src=\"https:\/\/flexitub.com.ar\n\/wp-content\/uploads\/2023\/06\/caoflexible2-300x225.jpg\" class=\"attachment-medium size-medium wp-image-148\" alt=\"\" srcset=\"https:\/\/flexitub.com.ar\n\/wp-content\/uploads\/2023\/06\/caoflexible2-300x225.jpg 300w, https:\/\/flexitub.com.ar\n\/wp-content\/uploads\/2023\/06\/caoflexible2-768x576.jpg 768w, https:\/\/flexitub.com.ar\n\/wp-content\/uploads\/2023\/06\/caoflexible2.jpg 800w\" sizes=\"(max-width: 300px) 100vw, 300px\" \/>\t\t\t\t\t\t\t\t\t\t\t\t\t\t\t<\/div>\n\t\t\t\t<\/div>\n\t\t\t\t\t<\/div>\n\t\t<\/div>\n\t\t\t\t\t<\/div>\n\t\t<\/section>\n\t\t\t\t<\/div>\n\t\t","protected":false},"excerpt":{"rendered":"<p>Ca\u00f1os met\u00e1licos flexibles sin recubrimiento exterior Construidos con fleje de hierro doble decapado zincado electr\u00f3nicamente. Perfilados, enrollados en espiral y agrafados sin cubierta protectora. Se utilizan para instalaciones el\u00e9ctricas, protecci\u00f3n mec\u00e1nica para cables, mangueras, entre otros.Con distintas juntas interiores para ventilaci\u00f3n, adaptables a cualquier tipo de conector.Sobre pedido se fabrican medidas especiales y en varios [&hellip;]<\/p>\n","protected":false},"author":1,"featured_media":62,"parent":0,"menu_order":0,"comment_status":"closed","ping_status":"closed","template":"","meta":{"footnotes":""},"class_list":["post-145","page","type-page","status-publish","has-post-thumbnail","hentry"],"_links":{"self":[{"href":"https:\/\/flexitub.com.ar\/index.php\/wp-json\/wp\/v2\/pages\/145","targetHints":{"allow":["GET"]}}],"collection":[{"href":"https:\/\/flexitub.com.ar\/index.php\/wp-json\/wp\/v2\/pages"}],"about":[{"href":"https:\/\/flexitub.com.ar\/index.php\/wp-json\/wp\/v2\/types\/page"}],"author":[{"embeddable":true,"href":"https:\/\/flexitub.com.ar\/index.php\/wp-json\/wp\/v2\/users\/1"}],"replies":[{"embeddable":true,"href":"https:\/\/flexitub.com.ar\/index.php\/wp-json\/wp\/v2\/comments?post=145"}],"version-history":[{"count":10,"href":"https:\/\/flexitub.com.ar\/index.php\/wp-json\/wp\/v2\/pages\/145\/revisions"}],"predecessor-version":[{"id":262,"href":"https:\/\/flexitub.com.ar\/index.php\/wp-json\/wp\/v2\/pages\/145\/revisions\/262"}],"wp:featuredmedia":[{"embeddable":true,"href":"https:\/\/flexitub.com.ar\/index.php\/wp-json\/wp\/v2\/media\/62"}],"wp:attachment":[{"href":"https:\/\/flexitub.com.ar\/index.php\/wp-json\/wp\/v2\/media?parent=145"}],"curies":[{"name":"wp","href":"https:\/\/api.w.org\/{rel}","templated":true}]}}