{"id":188,"date":"2023-06-07T14:30:27","date_gmt":"2023-06-07T17:30:27","guid":{"rendered":"https:\/\/flexitub.nextwayhost.com\/?page_id=188"},"modified":"2023-06-07T14:32:00","modified_gmt":"2023-06-07T17:32:00","slug":"mallas-de-cobre-estanado","status":"publish","type":"page","link":"https:\/\/flexitub.com.ar\/index.php\/mallas-de-cobre-estanado\/","title":{"rendered":"Mallas de cobre esta\u00f1ado"},"content":{"rendered":"\t\t<div data-elementor-type=\"wp-page\" data-elementor-id=\"188\" class=\"elementor elementor-188\" data-elementor-post-type=\"page\">\n\t\t\t\t\t\t<section class=\"elementor-section elementor-top-section elementor-element elementor-element-c8121df elementor-section-boxed elementor-section-height-default elementor-section-height-default\" data-id=\"c8121df\" data-element_type=\"section\" data-e-type=\"section\">\n\t\t\t\t\t\t<div class=\"elementor-container elementor-column-gap-default\">\n\t\t\t\t\t<div class=\"elementor-column elementor-col-50 elementor-top-column elementor-element elementor-element-dd7cbb5\" data-id=\"dd7cbb5\" data-element_type=\"column\" data-e-type=\"column\">\n\t\t\t<div class=\"elementor-widget-wrap elementor-element-populated\">\n\t\t\t\t\t\t<div class=\"elementor-element elementor-element-9e53d91 elementor-widget elementor-widget-heading\" data-id=\"9e53d91\" data-element_type=\"widget\" data-e-type=\"widget\" data-widget_type=\"heading.default\">\n\t\t\t\t<div class=\"elementor-widget-container\">\n\t\t\t\t\t<h2 class=\"elementor-heading-title elementor-size-default\">Mallas de cobre esta\u00f1ado. Cobre natural.<\/h2>\t\t\t\t<\/div>\n\t\t\t\t<\/div>\n\t\t\t\t<div class=\"elementor-element elementor-element-e0afdb4 elementor-widget elementor-widget-text-editor\" data-id=\"e0afdb4\" data-element_type=\"widget\" data-e-type=\"widget\" data-widget_type=\"text-editor.default\">\n\t\t\t\t<div class=\"elementor-widget-container\">\n\t\t\t\t\t\t\t\t\t<p>Construidas con alambres de cobre natural o esta\u00f1ado trenzadas y aplanadas, de distintas secciones seg\u00fan sus requerimientos.<br \/>Mallas planas flexibles de cobre para: instalaciones y puestas a tierra de tableros el\u00e9ctricos, masa de automotores, instalaciones que requieran movimientos constantes y altos amperajes, para blindaje el\u00e9ctrico sobre conductores.<\/p>\t\t\t\t\t\t\t\t<\/div>\n\t\t\t\t<\/div>\n\t\t\t\t<div class=\"elementor-element elementor-element-6fb46e2 elementor-widget elementor-widget-html\" data-id=\"6fb46e2\" data-element_type=\"widget\" data-e-type=\"widget\" data-widget_type=\"html.default\">\n\t\t\t\t<div class=\"elementor-widget-container\">\n\t\t\t\t\t<table class=\"uk-table uk-table-striped uk-table-condensed uk-table-hover\">\r\n                    <thead>\r\n                        <tr>\r\n                            <th>Medias (mm. 2)<\/th>\r\n                          <th>Calibre de alambre<\/th>\r\n                          <th>Cant. De alambre<\/th>\r\n                      <\/tr>\r\n                    <\/thead>\r\n                    <tbody>\r\n                        <tr>\r\n                          <td>6<\/td>\r\n                          <td>0,25<\/td>\r\n                          <td>132<\/td>\r\n                        <\/tr>\r\n                        <tr>\r\n                          <td>10<\/td>\r\n                          <td>0,25<\/td>\r\n                          <td>216<\/td>\r\n                        <\/tr>\r\n                        <tr>\r\n                          <td>16<\/td>\r\n                          <td>0,25<\/td>\r\n                          <td>336<\/td>\r\n                        <\/tr>\r\n                        <tr>\r\n                          <td>25<\/td>\r\n                          <td>0,3<\/td>\r\n                          <td>360<\/td>\r\n                        <\/tr>\r\n                        <tr>\r\n                          <td>35<\/td>\r\n                          <td>0,3<\/td>\r\n                          <td>504<\/td>\r\n                        <\/tr>\r\n                        <tr>\r\n                          <td>50<\/td>\r\n                          <td>0,3<\/td>\r\n                          <td>720<\/td>\r\n                      <\/tr>\r\n                        <tr>\r\n                            <td>70<\/td>\r\n                            <td>0,3<\/td>\r\n                            <td>1008<\/td>\r\n                      <\/tr>\r\n                        <tr>\r\n                            <td>95<\/td>\r\n                            <td>0,3<\/td>\r\n                            <td>1350<\/td>\r\n                      <\/tr>\r\n                    <\/tbody>\r\n                <\/table>\t\t\t\t<\/div>\n\t\t\t\t<\/div>\n\t\t\t\t\t<\/div>\n\t\t<\/div>\n\t\t\t\t<div class=\"elementor-column elementor-col-50 elementor-top-column elementor-element elementor-element-a659885\" data-id=\"a659885\" data-element_type=\"column\" data-e-type=\"column\">\n\t\t\t<div class=\"elementor-widget-wrap elementor-element-populated\">\n\t\t\t\t\t\t<div class=\"elementor-element elementor-element-396731e e-transform elementor-widget elementor-widget-image\" data-id=\"396731e\" data-element_type=\"widget\" data-e-type=\"widget\" data-settings=\"{&quot;_animation&quot;:&quot;none&quot;,&quot;_transform_rotateZ_effect_hover&quot;:{&quot;unit&quot;:&quot;px&quot;,&quot;size&quot;:&quot;&quot;,&quot;sizes&quot;:[]},&quot;_transform_rotateZ_effect_hover_tablet&quot;:{&quot;unit&quot;:&quot;deg&quot;,&quot;size&quot;:&quot;&quot;,&quot;sizes&quot;:[]},&quot;_transform_rotateZ_effect_hover_mobile&quot;:{&quot;unit&quot;:&quot;deg&quot;,&quot;size&quot;:&quot;&quot;,&quot;sizes&quot;:[]}}\" data-widget_type=\"image.default\">\n\t\t\t\t<div class=\"elementor-widget-container\">\n\t\t\t\t\t\t\t\t\t\t\t\t\t\t\t<img fetchpriority=\"high\" decoding=\"async\" width=\"300\" height=\"225\" src=\"https:\/\/flexitub.com.ar\n\/wp-content\/uploads\/2023\/06\/mallas1-300x225.jpg\" class=\"attachment-medium size-medium wp-image-191\" alt=\"\" srcset=\"https:\/\/flexitub.com.ar\n\/wp-content\/uploads\/2023\/06\/mallas1-300x225.jpg 300w, https:\/\/flexitub.com.ar\n\/wp-content\/uploads\/2023\/06\/mallas1-768x576.jpg 768w, https:\/\/flexitub.com.ar\n\/wp-content\/uploads\/2023\/06\/mallas1.jpg 800w\" sizes=\"(max-width: 300px) 100vw, 300px\" \/>\t\t\t\t\t\t\t\t\t\t\t\t\t\t\t<\/div>\n\t\t\t\t<\/div>\n\t\t\t\t<div class=\"elementor-element elementor-element-31b4515 elementor-widget elementor-widget-image\" data-id=\"31b4515\" data-element_type=\"widget\" data-e-type=\"widget\" data-widget_type=\"image.default\">\n\t\t\t\t<div class=\"elementor-widget-container\">\n\t\t\t\t\t\t\t\t\t\t\t\t\t\t\t<img decoding=\"async\" width=\"300\" height=\"225\" src=\"https:\/\/flexitub.com.ar\n\/wp-content\/uploads\/2023\/06\/mallas2-300x225.jpg\" class=\"attachment-medium size-medium wp-image-192\" alt=\"\" srcset=\"https:\/\/flexitub.com.ar\n\/wp-content\/uploads\/2023\/06\/mallas2-300x225.jpg 300w, https:\/\/flexitub.com.ar\n\/wp-content\/uploads\/2023\/06\/mallas2-768x576.jpg 768w, https:\/\/flexitub.com.ar\n\/wp-content\/uploads\/2023\/06\/mallas2.jpg 800w\" sizes=\"(max-width: 300px) 100vw, 300px\" \/>\t\t\t\t\t\t\t\t\t\t\t\t\t\t\t<\/div>\n\t\t\t\t<\/div>\n\t\t\t\t\t<\/div>\n\t\t<\/div>\n\t\t\t\t\t<\/div>\n\t\t<\/section>\n\t\t\t\t<\/div>\n\t\t","protected":false},"excerpt":{"rendered":"<p>Mallas de cobre esta\u00f1ado. Cobre natural. Construidas con alambres de cobre natural o esta\u00f1ado trenzadas y aplanadas, de distintas secciones seg\u00fan sus requerimientos.Mallas planas flexibles de cobre para: instalaciones y puestas a tierra de tableros el\u00e9ctricos, masa de automotores, instalaciones que requieran movimientos constantes y altos amperajes, para blindaje el\u00e9ctrico sobre conductores. Medias (mm. 2) [&hellip;]<\/p>\n","protected":false},"author":1,"featured_media":65,"parent":0,"menu_order":0,"comment_status":"closed","ping_status":"closed","template":"","meta":{"footnotes":""},"class_list":["post-188","page","type-page","status-publish","has-post-thumbnail","hentry"],"_links":{"self":[{"href":"https:\/\/flexitub.com.ar\/index.php\/wp-json\/wp\/v2\/pages\/188","targetHints":{"allow":["GET"]}}],"collection":[{"href":"https:\/\/flexitub.com.ar\/index.php\/wp-json\/wp\/v2\/pages"}],"about":[{"href":"https:\/\/flexitub.com.ar\/index.php\/wp-json\/wp\/v2\/types\/page"}],"author":[{"embeddable":true,"href":"https:\/\/flexitub.com.ar\/index.php\/wp-json\/wp\/v2\/users\/1"}],"replies":[{"embeddable":true,"href":"https:\/\/flexitub.com.ar\/index.php\/wp-json\/wp\/v2\/comments?post=188"}],"version-history":[{"count":5,"href":"https:\/\/flexitub.com.ar\/index.php\/wp-json\/wp\/v2\/pages\/188\/revisions"}],"predecessor-version":[{"id":195,"href":"https:\/\/flexitub.com.ar\/index.php\/wp-json\/wp\/v2\/pages\/188\/revisions\/195"}],"wp:featuredmedia":[{"embeddable":true,"href":"https:\/\/flexitub.com.ar\/index.php\/wp-json\/wp\/v2\/media\/65"}],"wp:attachment":[{"href":"https:\/\/flexitub.com.ar\/index.php\/wp-json\/wp\/v2\/media?parent=188"}],"curies":[{"name":"wp","href":"https:\/\/api.w.org\/{rel}","templated":true}]}}