{"id":204,"date":"2023-06-07T14:35:13","date_gmt":"2023-06-07T17:35:13","guid":{"rendered":"https:\/\/flexitub.nextwayhost.com\/?page_id=204"},"modified":"2023-06-07T14:38:49","modified_gmt":"2023-06-07T17:38:49","slug":"cano-flexible-doble-agrafado","status":"publish","type":"page","link":"https:\/\/flexitub.com.ar\/index.php\/cano-flexible-doble-agrafado\/","title":{"rendered":"Ca\u00f1o Flexible Doble Agrafado"},"content":{"rendered":"\t\t<div data-elementor-type=\"wp-page\" data-elementor-id=\"204\" class=\"elementor elementor-204\" data-elementor-post-type=\"page\">\n\t\t\t\t\t\t<section class=\"elementor-section elementor-top-section elementor-element elementor-element-3c499ee elementor-section-boxed elementor-section-height-default elementor-section-height-default\" data-id=\"3c499ee\" data-element_type=\"section\" data-e-type=\"section\">\n\t\t\t\t\t\t<div class=\"elementor-container elementor-column-gap-default\">\n\t\t\t\t\t<div class=\"elementor-column elementor-col-50 elementor-top-column elementor-element elementor-element-8fe7d7b\" data-id=\"8fe7d7b\" data-element_type=\"column\" data-e-type=\"column\">\n\t\t\t<div class=\"elementor-widget-wrap elementor-element-populated\">\n\t\t\t\t\t\t<div class=\"elementor-element elementor-element-330e130 elementor-widget elementor-widget-heading\" data-id=\"330e130\" data-element_type=\"widget\" data-e-type=\"widget\" data-widget_type=\"heading.default\">\n\t\t\t\t<div class=\"elementor-widget-container\">\n\t\t\t\t\t<h2 class=\"elementor-heading-title elementor-size-default\">Ca\u00f1o met\u00e1lico flexible doble agrafado<\/h2>\t\t\t\t<\/div>\n\t\t\t\t<\/div>\n\t\t\t\t<div class=\"elementor-element elementor-element-b4069c1 elementor-widget elementor-widget-text-editor\" data-id=\"b4069c1\" data-element_type=\"widget\" data-e-type=\"widget\" data-widget_type=\"text-editor.default\">\n\t\t\t\t<div class=\"elementor-widget-container\">\n\t\t\t\t\t\t\t\t\t<p>Construido con un fleje de hierro doble decapado cincado electrol\u00edticamente, enrollado en espiral y doble agrafado que le otorga mayor resistencia a las tracciones y movimientos mec\u00e1nicos.<br \/>Se utiliza para ejes flexibles de amoladoras, escapes de automotor, grupos electr\u00f3genos, transvasadora de cereal, conductor de aire a presi\u00f3n para hornos, aspiraci\u00f3n de alimentos balanceados \u2013 virutas de carpinter\u00eda.<br \/>Se fabrica en medidas desde \u00bd a 10 pulgadas con diferentes materiales (lat\u00f3n, acero inoxidable, etc.).<\/p>\t\t\t\t\t\t\t\t<\/div>\n\t\t\t\t<\/div>\n\t\t\t\t<div class=\"elementor-element elementor-element-9aa8743 elementor-widget elementor-widget-html\" data-id=\"9aa8743\" data-element_type=\"widget\" data-e-type=\"widget\" data-widget_type=\"html.default\">\n\t\t\t\t<div class=\"elementor-widget-container\">\n\t\t\t\t\t<table class=\"uk-table uk-table-striped uk-table-condensed uk-table-hover\">\r\n                    <thead>\r\n                        <tr>\r\n                            <th>Articulo<\/th>\r\n                          <th>Int. (pulg.)<\/th>\r\n                          <th>Int. (mm.)<\/th>\r\n                          <th>Ext. (mm.)<\/th>\r\n                      <\/tr>\r\n                    <\/thead>\r\n                    <tbody>\r\n                        <tr>\r\n                          <td>0400\/1<\/td>\r\n                          <td>1<\/td>\r\n                          <td>25,4<\/td>\r\n                          <td>31,5<\/td>\r\n                        <\/tr>\r\n                        <tr>\r\n                          <td>0400\/2<\/td>\r\n                          <td>1 1\/4<\/td>\r\n                          <td>31,7<\/td>\r\n                          <td>37,5<\/td>\r\n                        <\/tr>\r\n                        <tr>\r\n                          <td>0400\/3<\/td>\r\n                          <td>1 1\/2<\/td>\r\n                          <td>38,1<\/td>\r\n                          <td>44<\/td>\r\n                        <\/tr>\r\n                        <tr>\r\n                          <td>0400\/4<\/td>\r\n                          <td>1 3\/4<\/td>\r\n                          <td>44,4<\/td>\r\n                          <td>50,5<\/td>\r\n                        <\/tr>\r\n                        <tr>\r\n                          <td>0400\/5<\/td>\r\n                          <td>2<\/td>\r\n                          <td>50,8<\/td>\r\n                          <td>57<\/td>\r\n                        <\/tr>\r\n                        <tr>\r\n                          <td>0400\/6<\/td>\r\n                          <td>2 1\/4<\/td>\r\n                          <td>57,1<\/td>\r\n                          <td>62,2<\/td>\r\n                        <\/tr>\r\n                        <tr>\r\n                          <td>0400\/7<\/td>\r\n                          <td>2 1\/2<\/td>\r\n                          <td>63,5<\/td>\r\n                          <td>69,5<\/td>\r\n                        <\/tr>\r\n                        <tr>\r\n                          <td>0400\/8<\/td>\r\n                          <td>2 3\/4<\/td>\r\n                          <td>69,8<\/td>\r\n                          <td>75,8<\/td>\r\n                        <\/tr>\r\n                        <tr>\r\n                          <td>0400\/9<\/td>\r\n                          <td>3<\/td>\r\n                          <td>76,2<\/td>\r\n                          <td>82,5<\/td>\r\n                        <\/tr>\r\n                        <tr>\r\n                          <td>0400\/10<\/td>\r\n                          <td>3 1\/2<\/td>\r\n                          <td>88,9<\/td>\r\n                          <td>96<\/td>\r\n                        <\/tr>\r\n                        <tr>\r\n                          <td>0400\/11<\/td>\r\n                          <td>4<\/td>\r\n                          <td>101,6<\/td>\r\n                          <td>108<\/td>\r\n                        <\/tr>\r\n                        <tr>\r\n                          <td>0400\/12<\/td>\r\n                          <td>4 1\/2<\/td>\r\n                          <td>114,3<\/td>\r\n                          <td>120,5<\/td>\r\n                        <\/tr>\r\n                        <tr>\r\n                          <td>0400\/13<\/td>\r\n                          <td>5\r\n                          <\/td><td>127<\/td>\r\n                          <td>135<\/td>\r\n                        <\/tr>\r\n                        <tr>\r\n                          <td>0400\/14<\/td>\r\n                          <td>6<\/td>\r\n                          <td>152,4<\/td>\r\n                          <td>162,4<\/td>\r\n                        <\/tr>\r\n                        <tr>\r\n                          <td>0400\/15<\/td>\r\n                          <td>7<\/td>\r\n                          <td>177,8<\/td>\r\n                          <td>185,8<\/td>\r\n                        <\/tr>\r\n                        <tr>\r\n                          <td>0400\/16<\/td>\r\n                          <td>8<\/td>\r\n                          <td>203,2<\/td>\r\n                          <td>211,2<\/td>\r\n                        <\/tr>\r\n                        <tr>\r\n                          <td>0400\/17<\/td>\r\n                          <td>9<\/td>\r\n                          <td>228,6<\/td>\r\n                          <td>236,6<\/td>\r\n                        <\/tr>\r\n                        <tr>\r\n                          <td>0400\/18<\/td>\r\n                          <td>10<\/td>\r\n                          <td>254<\/td>\r\n                          <td>262<\/td>\r\n                        <\/tr>\r\n                    <\/tbody>\r\n                <\/table>\t\t\t\t<\/div>\n\t\t\t\t<\/div>\n\t\t\t\t\t<\/div>\n\t\t<\/div>\n\t\t\t\t<div class=\"elementor-column elementor-col-50 elementor-top-column elementor-element elementor-element-82dbd95\" data-id=\"82dbd95\" data-element_type=\"column\" data-e-type=\"column\">\n\t\t\t<div class=\"elementor-widget-wrap elementor-element-populated\">\n\t\t\t\t\t\t<div class=\"elementor-element elementor-element-29b95a6 e-transform elementor-widget elementor-widget-image\" data-id=\"29b95a6\" data-element_type=\"widget\" data-e-type=\"widget\" data-settings=\"{&quot;_animation&quot;:&quot;none&quot;,&quot;_transform_rotateZ_effect_hover&quot;:{&quot;unit&quot;:&quot;px&quot;,&quot;size&quot;:&quot;&quot;,&quot;sizes&quot;:[]},&quot;_transform_rotateZ_effect_hover_tablet&quot;:{&quot;unit&quot;:&quot;deg&quot;,&quot;size&quot;:&quot;&quot;,&quot;sizes&quot;:[]},&quot;_transform_rotateZ_effect_hover_mobile&quot;:{&quot;unit&quot;:&quot;deg&quot;,&quot;size&quot;:&quot;&quot;,&quot;sizes&quot;:[]}}\" data-widget_type=\"image.default\">\n\t\t\t\t<div class=\"elementor-widget-container\">\n\t\t\t\t\t\t\t\t\t\t\t\t\t\t\t<img fetchpriority=\"high\" decoding=\"async\" width=\"300\" height=\"225\" src=\"https:\/\/flexitub.com.ar\n\/wp-content\/uploads\/2023\/06\/caoflexible3-300x225.jpg\" class=\"attachment-medium size-medium wp-image-206\" alt=\"\" srcset=\"https:\/\/flexitub.com.ar\n\/wp-content\/uploads\/2023\/06\/caoflexible3-300x225.jpg 300w, https:\/\/flexitub.com.ar\n\/wp-content\/uploads\/2023\/06\/caoflexible3-768x576.jpg 768w, https:\/\/flexitub.com.ar\n\/wp-content\/uploads\/2023\/06\/caoflexible3.jpg 800w\" sizes=\"(max-width: 300px) 100vw, 300px\" \/>\t\t\t\t\t\t\t\t\t\t\t\t\t\t\t<\/div>\n\t\t\t\t<\/div>\n\t\t\t\t<div class=\"elementor-element elementor-element-cf4f40c elementor-widget elementor-widget-image\" data-id=\"cf4f40c\" data-element_type=\"widget\" data-e-type=\"widget\" data-widget_type=\"image.default\">\n\t\t\t\t<div class=\"elementor-widget-container\">\n\t\t\t\t\t\t\t\t\t\t\t\t\t\t\t<img decoding=\"async\" width=\"225\" height=\"300\" src=\"https:\/\/flexitub.com.ar\n\/wp-content\/uploads\/2023\/06\/dob1-225x300.jpg\" class=\"attachment-medium size-medium wp-image-207\" alt=\"\" srcset=\"https:\/\/flexitub.com.ar\n\/wp-content\/uploads\/2023\/06\/dob1-225x300.jpg 225w, https:\/\/flexitub.com.ar\n\/wp-content\/uploads\/2023\/06\/dob1.jpg 600w\" sizes=\"(max-width: 225px) 100vw, 225px\" \/>\t\t\t\t\t\t\t\t\t\t\t\t\t\t\t<\/div>\n\t\t\t\t<\/div>\n\t\t\t\t<div class=\"elementor-element elementor-element-6f0bea4 elementor-widget elementor-widget-image\" data-id=\"6f0bea4\" data-element_type=\"widget\" data-e-type=\"widget\" data-widget_type=\"image.default\">\n\t\t\t\t<div class=\"elementor-widget-container\">\n\t\t\t\t\t\t\t\t\t\t\t\t\t\t\t<img decoding=\"async\" width=\"225\" height=\"300\" src=\"https:\/\/flexitub.com.ar\n\/wp-content\/uploads\/2023\/06\/dob3-225x300.jpg\" class=\"attachment-medium size-medium wp-image-209\" alt=\"\" srcset=\"https:\/\/flexitub.com.ar\n\/wp-content\/uploads\/2023\/06\/dob3-225x300.jpg 225w, https:\/\/flexitub.com.ar\n\/wp-content\/uploads\/2023\/06\/dob3.jpg 600w\" sizes=\"(max-width: 225px) 100vw, 225px\" \/>\t\t\t\t\t\t\t\t\t\t\t\t\t\t\t<\/div>\n\t\t\t\t<\/div>\n\t\t\t\t<div class=\"elementor-element elementor-element-e2d7bff elementor-widget elementor-widget-image\" data-id=\"e2d7bff\" data-element_type=\"widget\" data-e-type=\"widget\" data-widget_type=\"image.default\">\n\t\t\t\t<div class=\"elementor-widget-container\">\n\t\t\t\t\t\t\t\t\t\t\t\t\t\t\t<img loading=\"lazy\" decoding=\"async\" width=\"300\" height=\"225\" src=\"https:\/\/flexitub.com.ar\n\/wp-content\/uploads\/2023\/06\/dob2-300x225.jpg\" class=\"attachment-medium size-medium wp-image-208\" alt=\"\" srcset=\"https:\/\/flexitub.com.ar\n\/wp-content\/uploads\/2023\/06\/dob2-300x225.jpg 300w, https:\/\/flexitub.com.ar\n\/wp-content\/uploads\/2023\/06\/dob2-768x576.jpg 768w, https:\/\/flexitub.com.ar\n\/wp-content\/uploads\/2023\/06\/dob2.jpg 800w\" sizes=\"(max-width: 300px) 100vw, 300px\" \/>\t\t\t\t\t\t\t\t\t\t\t\t\t\t\t<\/div>\n\t\t\t\t<\/div>\n\t\t\t\t\t<\/div>\n\t\t<\/div>\n\t\t\t\t\t<\/div>\n\t\t<\/section>\n\t\t\t\t<\/div>\n\t\t","protected":false},"excerpt":{"rendered":"<p>Ca\u00f1o met\u00e1lico flexible doble agrafado Construido con un fleje de hierro doble decapado cincado electrol\u00edticamente, enrollado en espiral y doble agrafado que le otorga mayor resistencia a las tracciones y movimientos mec\u00e1nicos.Se utiliza para ejes flexibles de amoladoras, escapes de automotor, grupos electr\u00f3genos, transvasadora de cereal, conductor de aire a presi\u00f3n para hornos, aspiraci\u00f3n de [&hellip;]<\/p>\n","protected":false},"author":1,"featured_media":67,"parent":0,"menu_order":0,"comment_status":"closed","ping_status":"closed","template":"","meta":{"footnotes":""},"class_list":["post-204","page","type-page","status-publish","has-post-thumbnail","hentry"],"_links":{"self":[{"href":"https:\/\/flexitub.com.ar\/index.php\/wp-json\/wp\/v2\/pages\/204","targetHints":{"allow":["GET"]}}],"collection":[{"href":"https:\/\/flexitub.com.ar\/index.php\/wp-json\/wp\/v2\/pages"}],"about":[{"href":"https:\/\/flexitub.com.ar\/index.php\/wp-json\/wp\/v2\/types\/page"}],"author":[{"embeddable":true,"href":"https:\/\/flexitub.com.ar\/index.php\/wp-json\/wp\/v2\/users\/1"}],"replies":[{"embeddable":true,"href":"https:\/\/flexitub.com.ar\/index.php\/wp-json\/wp\/v2\/comments?post=204"}],"version-history":[{"count":4,"href":"https:\/\/flexitub.com.ar\/index.php\/wp-json\/wp\/v2\/pages\/204\/revisions"}],"predecessor-version":[{"id":212,"href":"https:\/\/flexitub.com.ar\/index.php\/wp-json\/wp\/v2\/pages\/204\/revisions\/212"}],"wp:featuredmedia":[{"embeddable":true,"href":"https:\/\/flexitub.com.ar\/index.php\/wp-json\/wp\/v2\/media\/67"}],"wp:attachment":[{"href":"https:\/\/flexitub.com.ar\/index.php\/wp-json\/wp\/v2\/media?parent=204"}],"curies":[{"name":"wp","href":"https:\/\/api.w.org\/{rel}","templated":true}]}}