{"id":220,"date":"2023-06-07T14:42:46","date_gmt":"2023-06-07T17:42:46","guid":{"rendered":"https:\/\/flexitub.nextwayhost.com\/?page_id=220"},"modified":"2023-06-07T14:44:15","modified_gmt":"2023-06-07T17:44:15","slug":"maquina-para-prensar-capuchones","status":"publish","type":"page","link":"https:\/\/flexitub.com.ar\/index.php\/maquina-para-prensar-capuchones\/","title":{"rendered":"M\u00e1quina para prensar Capuchones"},"content":{"rendered":"\t\t<div data-elementor-type=\"wp-page\" data-elementor-id=\"220\" class=\"elementor elementor-220\" data-elementor-post-type=\"page\">\n\t\t\t\t\t\t<section class=\"elementor-section elementor-top-section elementor-element elementor-element-5ad8f18 elementor-section-boxed elementor-section-height-default elementor-section-height-default\" data-id=\"5ad8f18\" data-element_type=\"section\" data-e-type=\"section\">\n\t\t\t\t\t\t<div class=\"elementor-container elementor-column-gap-default\">\n\t\t\t\t\t<div class=\"elementor-column elementor-col-50 elementor-top-column elementor-element elementor-element-c456ac7\" data-id=\"c456ac7\" data-element_type=\"column\" data-e-type=\"column\">\n\t\t\t<div class=\"elementor-widget-wrap elementor-element-populated\">\n\t\t\t\t\t\t<div class=\"elementor-element elementor-element-342e2b5 elementor-widget elementor-widget-heading\" data-id=\"342e2b5\" data-element_type=\"widget\" data-e-type=\"widget\" data-widget_type=\"heading.default\">\n\t\t\t\t<div class=\"elementor-widget-container\">\n\t\t\t\t\t<h2 class=\"elementor-heading-title elementor-size-default\">M\u00e1quina para prensar capuchones<\/h2>\t\t\t\t<\/div>\n\t\t\t\t<\/div>\n\t\t\t\t<div class=\"elementor-element elementor-element-bb4e5e9 elementor-widget elementor-widget-text-editor\" data-id=\"bb4e5e9\" data-element_type=\"widget\" data-e-type=\"widget\" data-widget_type=\"text-editor.default\">\n\t\t\t\t<div class=\"elementor-widget-container\">\n\t\t\t\t\t\t\t\t\t<p>Esta m\u00e1quina est\u00e1 construida con estructura de acero de 8 o 6 peines de acero 1045 templados.<br \/>De f\u00e1cil manejo con accionamiento manual (con palanca multiplicadora de fuerza).<br \/>En forma vertical a la base de la m\u00e1quina y prensado horizontal. Prensa capuchones de hierro, aluminio, etc. por igual, con rapidez en la operaci\u00f3n y sin esfuerzo del operador.<\/p>\t\t\t\t\t\t\t\t<\/div>\n\t\t\t\t<\/div>\n\t\t\t\t\t<\/div>\n\t\t<\/div>\n\t\t\t\t<div class=\"elementor-column elementor-col-50 elementor-top-column elementor-element elementor-element-1b37c8f\" data-id=\"1b37c8f\" data-element_type=\"column\" data-e-type=\"column\">\n\t\t\t<div class=\"elementor-widget-wrap elementor-element-populated\">\n\t\t\t\t\t\t<div class=\"elementor-element elementor-element-52ad832 e-transform elementor-widget elementor-widget-image\" data-id=\"52ad832\" data-element_type=\"widget\" data-e-type=\"widget\" data-settings=\"{&quot;_animation&quot;:&quot;none&quot;,&quot;_transform_rotateZ_effect_hover&quot;:{&quot;unit&quot;:&quot;px&quot;,&quot;size&quot;:&quot;&quot;,&quot;sizes&quot;:[]},&quot;_transform_rotateZ_effect_hover_tablet&quot;:{&quot;unit&quot;:&quot;deg&quot;,&quot;size&quot;:&quot;&quot;,&quot;sizes&quot;:[]},&quot;_transform_rotateZ_effect_hover_mobile&quot;:{&quot;unit&quot;:&quot;deg&quot;,&quot;size&quot;:&quot;&quot;,&quot;sizes&quot;:[]}}\" data-widget_type=\"image.default\">\n\t\t\t\t<div class=\"elementor-widget-container\">\n\t\t\t\t\t\t\t\t\t\t\t\t\t\t\t<img fetchpriority=\"high\" decoding=\"async\" width=\"300\" height=\"225\" src=\"https:\/\/flexitub.com.ar\n\/wp-content\/uploads\/2023\/06\/prensa-300x225.jpg\" class=\"attachment-medium size-medium wp-image-224\" alt=\"\" srcset=\"https:\/\/flexitub.com.ar\n\/wp-content\/uploads\/2023\/06\/prensa-300x225.jpg 300w, https:\/\/flexitub.com.ar\n\/wp-content\/uploads\/2023\/06\/prensa-768x576.jpg 768w, https:\/\/flexitub.com.ar\n\/wp-content\/uploads\/2023\/06\/prensa.jpg 800w\" sizes=\"(max-width: 300px) 100vw, 300px\" \/>\t\t\t\t\t\t\t\t\t\t\t\t\t\t\t<\/div>\n\t\t\t\t<\/div>\n\t\t\t\t<div class=\"elementor-element elementor-element-6944104 elementor-widget elementor-widget-image\" data-id=\"6944104\" data-element_type=\"widget\" data-e-type=\"widget\" data-widget_type=\"image.default\">\n\t\t\t\t<div class=\"elementor-widget-container\">\n\t\t\t\t\t\t\t\t\t\t\t\t\t\t\t<img decoding=\"async\" width=\"300\" height=\"225\" src=\"https:\/\/flexitub.com.ar\n\/wp-content\/uploads\/2023\/06\/prensa2-300x225.jpg\" class=\"attachment-medium size-medium wp-image-222\" alt=\"\" srcset=\"https:\/\/flexitub.com.ar\n\/wp-content\/uploads\/2023\/06\/prensa2-300x225.jpg 300w, https:\/\/flexitub.com.ar\n\/wp-content\/uploads\/2023\/06\/prensa2-768x576.jpg 768w, https:\/\/flexitub.com.ar\n\/wp-content\/uploads\/2023\/06\/prensa2.jpg 800w\" sizes=\"(max-width: 300px) 100vw, 300px\" \/>\t\t\t\t\t\t\t\t\t\t\t\t\t\t\t<\/div>\n\t\t\t\t<\/div>\n\t\t\t\t<div class=\"elementor-element elementor-element-c5e6e01 elementor-widget elementor-widget-image\" data-id=\"c5e6e01\" data-element_type=\"widget\" data-e-type=\"widget\" data-widget_type=\"image.default\">\n\t\t\t\t<div class=\"elementor-widget-container\">\n\t\t\t\t\t\t\t\t\t\t\t\t\t\t\t<img decoding=\"async\" width=\"300\" height=\"225\" src=\"https:\/\/flexitub.com.ar\n\/wp-content\/uploads\/2023\/06\/prensa3-300x225.jpg\" class=\"attachment-medium size-medium wp-image-223\" alt=\"\" srcset=\"https:\/\/flexitub.com.ar\n\/wp-content\/uploads\/2023\/06\/prensa3-300x225.jpg 300w, https:\/\/flexitub.com.ar\n\/wp-content\/uploads\/2023\/06\/prensa3-768x576.jpg 768w, https:\/\/flexitub.com.ar\n\/wp-content\/uploads\/2023\/06\/prensa3.jpg 800w\" sizes=\"(max-width: 300px) 100vw, 300px\" \/>\t\t\t\t\t\t\t\t\t\t\t\t\t\t\t<\/div>\n\t\t\t\t<\/div>\n\t\t\t\t\t<\/div>\n\t\t<\/div>\n\t\t\t\t\t<\/div>\n\t\t<\/section>\n\t\t\t\t<\/div>\n\t\t","protected":false},"excerpt":{"rendered":"<p>M\u00e1quina para prensar capuchones Esta m\u00e1quina est\u00e1 construida con estructura de acero de 8 o 6 peines de acero 1045 templados.De f\u00e1cil manejo con accionamiento manual (con palanca multiplicadora de fuerza).En forma vertical a la base de la m\u00e1quina y prensado horizontal. Prensa capuchones de hierro, aluminio, etc. por igual, con rapidez en la operaci\u00f3n [&hellip;]<\/p>\n","protected":false},"author":1,"featured_media":69,"parent":0,"menu_order":0,"comment_status":"closed","ping_status":"closed","template":"","meta":{"footnotes":""},"class_list":["post-220","page","type-page","status-publish","has-post-thumbnail","hentry"],"_links":{"self":[{"href":"https:\/\/flexitub.com.ar\/index.php\/wp-json\/wp\/v2\/pages\/220","targetHints":{"allow":["GET"]}}],"collection":[{"href":"https:\/\/flexitub.com.ar\/index.php\/wp-json\/wp\/v2\/pages"}],"about":[{"href":"https:\/\/flexitub.com.ar\/index.php\/wp-json\/wp\/v2\/types\/page"}],"author":[{"embeddable":true,"href":"https:\/\/flexitub.com.ar\/index.php\/wp-json\/wp\/v2\/users\/1"}],"replies":[{"embeddable":true,"href":"https:\/\/flexitub.com.ar\/index.php\/wp-json\/wp\/v2\/comments?post=220"}],"version-history":[{"count":7,"href":"https:\/\/flexitub.com.ar\/index.php\/wp-json\/wp\/v2\/pages\/220\/revisions"}],"predecessor-version":[{"id":230,"href":"https:\/\/flexitub.com.ar\/index.php\/wp-json\/wp\/v2\/pages\/220\/revisions\/230"}],"wp:featuredmedia":[{"embeddable":true,"href":"https:\/\/flexitub.com.ar\/index.php\/wp-json\/wp\/v2\/media\/69"}],"wp:attachment":[{"href":"https:\/\/flexitub.com.ar\/index.php\/wp-json\/wp\/v2\/media?parent=220"}],"curies":[{"name":"wp","href":"https:\/\/api.w.org\/{rel}","templated":true}]}}