{"id":245,"date":"2023-06-07T14:49:39","date_gmt":"2023-06-07T17:49:39","guid":{"rendered":"https:\/\/flexitub.nextwayhost.com\/?page_id=245"},"modified":"2023-06-07T14:51:07","modified_gmt":"2023-06-07T17:51:07","slug":"cano-flexible-con-trenzado","status":"publish","type":"page","link":"https:\/\/flexitub.com.ar\/index.php\/cano-flexible-con-trenzado\/","title":{"rendered":"Ca\u00f1o Flexible con Trenzado"},"content":{"rendered":"\t\t<div data-elementor-type=\"wp-page\" data-elementor-id=\"245\" class=\"elementor elementor-245\" data-elementor-post-type=\"page\">\n\t\t\t\t\t\t<section class=\"elementor-section elementor-top-section elementor-element elementor-element-20eceac elementor-section-boxed elementor-section-height-default elementor-section-height-default\" data-id=\"20eceac\" data-element_type=\"section\" data-e-type=\"section\">\n\t\t\t\t\t\t<div class=\"elementor-container elementor-column-gap-default\">\n\t\t\t\t\t<div class=\"elementor-column elementor-col-50 elementor-top-column elementor-element elementor-element-daa1891\" data-id=\"daa1891\" data-element_type=\"column\" data-e-type=\"column\">\n\t\t\t<div class=\"elementor-widget-wrap elementor-element-populated\">\n\t\t\t\t\t\t<div class=\"elementor-element elementor-element-9063f4d elementor-widget elementor-widget-heading\" data-id=\"9063f4d\" data-element_type=\"widget\" data-e-type=\"widget\" data-widget_type=\"heading.default\">\n\t\t\t\t<div class=\"elementor-widget-container\">\n\t\t\t\t\t<h2 class=\"elementor-heading-title elementor-size-default\">Ca\u00f1os met\u00e1licos flexibles sin recubrimiento exterior<\/h2>\t\t\t\t<\/div>\n\t\t\t\t<\/div>\n\t\t\t\t<div class=\"elementor-element elementor-element-fc3d2d6 elementor-widget elementor-widget-text-editor\" data-id=\"fc3d2d6\" data-element_type=\"widget\" data-e-type=\"widget\" data-widget_type=\"text-editor.default\">\n\t\t\t\t<div class=\"elementor-widget-container\">\n\t\t\t\t\t\t\t\t\t<p>Ca\u00f1o flexible construido con fleje de acero y recubierto con malla de acero galvanizado o dicho ca\u00f1o flexible con recubrimiento de pvc y malla exterior en acero galvanizado.<br \/>En cualquiera de sus dos formas se utiliza para instalaciones el\u00e9ctricas que requieran una protecci\u00f3n mec\u00e1nica extrema (protecci\u00f3n de chispa, elementos incandescentes y diferentes compresiones y tracciones mec\u00e1nicas) sector energ\u00e9tico \u2013 fabricaciones industriales, etc.<\/p>\t\t\t\t\t\t\t\t<\/div>\n\t\t\t\t<\/div>\n\t\t\t\t<div class=\"elementor-element elementor-element-ac2b3f8 elementor-widget elementor-widget-html\" data-id=\"ac2b3f8\" data-element_type=\"widget\" data-e-type=\"widget\" data-widget_type=\"html.default\">\n\t\t\t\t<div class=\"elementor-widget-container\">\n\t\t\t\t\t<table class=\"uk-table uk-table-striped uk-table-condensed uk-table-hover\">\r\n                    <thead>\r\n                        <tr>\r\n                            <th>Articulo<\/th>\r\n                            <th>\t\r\nMedidas el\u00e9ctricas<\/th>\r\n                          <th>Envase (m. x rollo)<\/th>\r\n                      <\/tr>\r\n                    <\/thead>\r\n                    <tbody>\r\n                        <tr>\r\n                          <td>0100\/1<\/td>\r\n                          <td>1\/2 <\/td>\r\n                          <td>25<\/td>\r\n                        <\/tr>\r\n                        <tr>\r\n                          <td>0100\/2<\/td>\r\n                          <td>5\/8 <\/td>\r\n                          <td>25<\/td>\r\n                        <\/tr>\r\n                        <tr>\r\n                          <td>0100\/3<\/td>\r\n                          <td>3\/4 <\/td>\r\n                          <td>25<\/td>\r\n                        <\/tr>\r\n                        <tr>\r\n                          <td>0100\/4<\/td>\r\n                          <td>7\/8 <\/td>\r\n                          <td>25<\/td>\r\n                        <\/tr>\r\n                        <tr>\r\n                          <td>0100\/5<\/td>\r\n                          <td>1 <\/td>\r\n                          <td>25<\/td>\r\n                        <\/tr>\r\n                        <tr>\r\n                          <td>0100\/6<\/td>\r\n                          <td>1 1\/4 <\/td>\r\n                          <td>25<\/td>\r\n                        <\/tr>\r\n                        <tr>\r\n                          <td>0100\/7<\/td>\r\n                          <td>1 1\/2 <\/td>\r\n                          <td>25<\/td>\r\n                        <\/tr>\r\n                        <tr>\r\n                          <td>0100\/9<\/td>\r\n                          <td>2 <\/td>\r\n                          <td>25<\/td>\r\n                        <\/tr>\r\n                    <\/tbody>\r\n                <\/table>\t\t\t\t<\/div>\n\t\t\t\t<\/div>\n\t\t\t\t\t<\/div>\n\t\t<\/div>\n\t\t\t\t<div class=\"elementor-column elementor-col-50 elementor-top-column elementor-element elementor-element-88048bb\" data-id=\"88048bb\" data-element_type=\"column\" data-e-type=\"column\">\n\t\t\t<div class=\"elementor-widget-wrap elementor-element-populated\">\n\t\t\t\t\t\t<div class=\"elementor-element elementor-element-9434176 e-transform elementor-widget elementor-widget-image\" data-id=\"9434176\" data-element_type=\"widget\" data-e-type=\"widget\" data-settings=\"{&quot;_animation&quot;:&quot;none&quot;,&quot;_transform_rotateZ_effect_hover&quot;:{&quot;unit&quot;:&quot;px&quot;,&quot;size&quot;:&quot;&quot;,&quot;sizes&quot;:[]},&quot;_transform_rotateZ_effect_hover_tablet&quot;:{&quot;unit&quot;:&quot;deg&quot;,&quot;size&quot;:&quot;&quot;,&quot;sizes&quot;:[]},&quot;_transform_rotateZ_effect_hover_mobile&quot;:{&quot;unit&quot;:&quot;deg&quot;,&quot;size&quot;:&quot;&quot;,&quot;sizes&quot;:[]}}\" data-widget_type=\"image.default\">\n\t\t\t\t<div class=\"elementor-widget-container\">\n\t\t\t\t\t\t\t\t\t\t\t\t\t\t\t<img fetchpriority=\"high\" decoding=\"async\" width=\"300\" height=\"225\" src=\"https:\/\/flexitub.com.ar\n\/wp-content\/uploads\/2023\/06\/caotrenzado1-300x225.jpg\" class=\"attachment-medium size-medium wp-image-247\" alt=\"\" srcset=\"https:\/\/flexitub.com.ar\n\/wp-content\/uploads\/2023\/06\/caotrenzado1-300x225.jpg 300w, https:\/\/flexitub.com.ar\n\/wp-content\/uploads\/2023\/06\/caotrenzado1-768x576.jpg 768w, https:\/\/flexitub.com.ar\n\/wp-content\/uploads\/2023\/06\/caotrenzado1.jpg 800w\" sizes=\"(max-width: 300px) 100vw, 300px\" \/>\t\t\t\t\t\t\t\t\t\t\t\t\t\t\t<\/div>\n\t\t\t\t<\/div>\n\t\t\t\t<div class=\"elementor-element elementor-element-ba50ab4 elementor-widget elementor-widget-image\" data-id=\"ba50ab4\" data-element_type=\"widget\" data-e-type=\"widget\" data-widget_type=\"image.default\">\n\t\t\t\t<div class=\"elementor-widget-container\">\n\t\t\t\t\t\t\t\t\t\t\t\t\t\t\t<img decoding=\"async\" width=\"300\" height=\"225\" src=\"https:\/\/flexitub.com.ar\n\/wp-content\/uploads\/2023\/06\/caotrenzado2-300x225.jpg\" class=\"attachment-medium size-medium wp-image-248\" alt=\"\" srcset=\"https:\/\/flexitub.com.ar\n\/wp-content\/uploads\/2023\/06\/caotrenzado2-300x225.jpg 300w, https:\/\/flexitub.com.ar\n\/wp-content\/uploads\/2023\/06\/caotrenzado2-768x576.jpg 768w, https:\/\/flexitub.com.ar\n\/wp-content\/uploads\/2023\/06\/caotrenzado2.jpg 800w\" sizes=\"(max-width: 300px) 100vw, 300px\" \/>\t\t\t\t\t\t\t\t\t\t\t\t\t\t\t<\/div>\n\t\t\t\t<\/div>\n\t\t\t\t\t<\/div>\n\t\t<\/div>\n\t\t\t\t\t<\/div>\n\t\t<\/section>\n\t\t\t\t<\/div>\n\t\t","protected":false},"excerpt":{"rendered":"<p>Ca\u00f1os met\u00e1licos flexibles sin recubrimiento exterior Ca\u00f1o flexible construido con fleje de acero y recubierto con malla de acero galvanizado o dicho ca\u00f1o flexible con recubrimiento de pvc y malla exterior en acero galvanizado.En cualquiera de sus dos formas se utiliza para instalaciones el\u00e9ctricas que requieran una protecci\u00f3n mec\u00e1nica extrema (protecci\u00f3n de chispa, elementos incandescentes [&hellip;]<\/p>\n","protected":false},"author":1,"featured_media":73,"parent":0,"menu_order":0,"comment_status":"closed","ping_status":"closed","template":"","meta":{"footnotes":""},"class_list":["post-245","page","type-page","status-publish","has-post-thumbnail","hentry"],"_links":{"self":[{"href":"https:\/\/flexitub.com.ar\/index.php\/wp-json\/wp\/v2\/pages\/245","targetHints":{"allow":["GET"]}}],"collection":[{"href":"https:\/\/flexitub.com.ar\/index.php\/wp-json\/wp\/v2\/pages"}],"about":[{"href":"https:\/\/flexitub.com.ar\/index.php\/wp-json\/wp\/v2\/types\/page"}],"author":[{"embeddable":true,"href":"https:\/\/flexitub.com.ar\/index.php\/wp-json\/wp\/v2\/users\/1"}],"replies":[{"embeddable":true,"href":"https:\/\/flexitub.com.ar\/index.php\/wp-json\/wp\/v2\/comments?post=245"}],"version-history":[{"count":4,"href":"https:\/\/flexitub.com.ar\/index.php\/wp-json\/wp\/v2\/pages\/245\/revisions"}],"predecessor-version":[{"id":251,"href":"https:\/\/flexitub.com.ar\/index.php\/wp-json\/wp\/v2\/pages\/245\/revisions\/251"}],"wp:featuredmedia":[{"embeddable":true,"href":"https:\/\/flexitub.com.ar\/index.php\/wp-json\/wp\/v2\/media\/73"}],"wp:attachment":[{"href":"https:\/\/flexitub.com.ar\/index.php\/wp-json\/wp\/v2\/media?parent=245"}],"curies":[{"name":"wp","href":"https:\/\/api.w.org\/{rel}","templated":true}]}}