{"id":253,"date":"2023-06-07T14:51:37","date_gmt":"2023-06-07T17:51:37","guid":{"rendered":"https:\/\/flexitub.nextwayhost.com\/?page_id=253"},"modified":"2023-06-07T14:53:29","modified_gmt":"2023-06-07T17:53:29","slug":"malla-coalescente-tipo-venda-tabular","status":"publish","type":"page","link":"https:\/\/flexitub.com.ar\/index.php\/malla-coalescente-tipo-venda-tabular\/","title":{"rendered":"Malla Coalescente Tipo Venda Tabular"},"content":{"rendered":"\t\t<div data-elementor-type=\"wp-page\" data-elementor-id=\"253\" class=\"elementor elementor-253\" data-elementor-post-type=\"page\">\n\t\t\t\t\t\t<section class=\"elementor-section elementor-top-section elementor-element elementor-element-a7abbcc elementor-section-boxed elementor-section-height-default elementor-section-height-default\" data-id=\"a7abbcc\" data-element_type=\"section\" data-e-type=\"section\">\n\t\t\t\t\t\t<div class=\"elementor-container elementor-column-gap-default\">\n\t\t\t\t\t<div class=\"elementor-column elementor-col-50 elementor-top-column elementor-element elementor-element-12e1da0\" data-id=\"12e1da0\" data-element_type=\"column\" data-e-type=\"column\">\n\t\t\t<div class=\"elementor-widget-wrap elementor-element-populated\">\n\t\t\t\t\t\t<div class=\"elementor-element elementor-element-b970b81 elementor-widget elementor-widget-heading\" data-id=\"b970b81\" data-element_type=\"widget\" data-e-type=\"widget\" data-widget_type=\"heading.default\">\n\t\t\t\t<div class=\"elementor-widget-container\">\n\t\t\t\t\t<h2 class=\"elementor-heading-title elementor-size-default\">Malla coalescente tipo venda tubular<\/h2>\t\t\t\t<\/div>\n\t\t\t\t<\/div>\n\t\t\t\t<div class=\"elementor-element elementor-element-8590fe5 elementor-widget elementor-widget-text-editor\" data-id=\"8590fe5\" data-element_type=\"widget\" data-e-type=\"widget\" data-widget_type=\"text-editor.default\">\n\t\t\t\t<div class=\"elementor-widget-container\">\n\t\t\t\t\t\t\t\t\t<p>Se utilizan en cobre esta\u00f1ado en empalmes electricos de baja-media y alta tensi\u00f3n para recomponer la continuidad de la pantalla de cobre en los conductores electricos.<br \/>En alambre galvanizado para protecci\u00f3n contra roedores, para instalaciones el\u00e9ctricas ya existentes Silos-Balanzas- Galpones de Pollos- instalaciones navales<br \/>Todo tipo de cableado dif\u00edcil de reemplazar<br \/>Se coloca en forma de venda asolapada, protegiendo a los conductores electricos de los da\u00f1os ocasionados por los roedores.<\/p><p>Se fabrica en cobre rojo- cobre esta\u00f1ado \u2013 galvanizado \u2013 acero inoxidable<br \/>Distintos anchos y calibre de alambre( 0.25-0.20-0.15)<\/p>\t\t\t\t\t\t\t\t<\/div>\n\t\t\t\t<\/div>\n\t\t\t\t\t<\/div>\n\t\t<\/div>\n\t\t\t\t<div class=\"elementor-column elementor-col-50 elementor-top-column elementor-element elementor-element-fdba93c\" data-id=\"fdba93c\" data-element_type=\"column\" data-e-type=\"column\">\n\t\t\t<div class=\"elementor-widget-wrap elementor-element-populated\">\n\t\t\t\t\t\t<div class=\"elementor-element elementor-element-d9535c7 e-transform elementor-widget elementor-widget-image\" data-id=\"d9535c7\" data-element_type=\"widget\" data-e-type=\"widget\" data-settings=\"{&quot;_animation&quot;:&quot;none&quot;,&quot;_transform_rotateZ_effect_hover&quot;:{&quot;unit&quot;:&quot;px&quot;,&quot;size&quot;:&quot;&quot;,&quot;sizes&quot;:[]},&quot;_transform_rotateZ_effect_hover_tablet&quot;:{&quot;unit&quot;:&quot;deg&quot;,&quot;size&quot;:&quot;&quot;,&quot;sizes&quot;:[]},&quot;_transform_rotateZ_effect_hover_mobile&quot;:{&quot;unit&quot;:&quot;deg&quot;,&quot;size&quot;:&quot;&quot;,&quot;sizes&quot;:[]}}\" data-widget_type=\"image.default\">\n\t\t\t\t<div class=\"elementor-widget-container\">\n\t\t\t\t\t\t\t\t\t\t\t\t\t\t\t<img fetchpriority=\"high\" decoding=\"async\" width=\"300\" height=\"282\" src=\"https:\/\/flexitub.com.ar\n\/wp-content\/uploads\/2023\/06\/Foto-malla-coalescente-1-300x282.png\" class=\"attachment-medium size-medium wp-image-256\" alt=\"\" srcset=\"https:\/\/flexitub.com.ar\n\/wp-content\/uploads\/2023\/06\/Foto-malla-coalescente-1-300x282.png 300w, https:\/\/flexitub.com.ar\n\/wp-content\/uploads\/2023\/06\/Foto-malla-coalescente-1.png 767w\" sizes=\"(max-width: 300px) 100vw, 300px\" \/>\t\t\t\t\t\t\t\t\t\t\t\t\t\t\t<\/div>\n\t\t\t\t<\/div>\n\t\t\t\t\t<\/div>\n\t\t<\/div>\n\t\t\t\t\t<\/div>\n\t\t<\/section>\n\t\t\t\t<\/div>\n\t\t","protected":false},"excerpt":{"rendered":"<p>Malla coalescente tipo venda tubular Se utilizan en cobre esta\u00f1ado en empalmes electricos de baja-media y alta tensi\u00f3n para recomponer la continuidad de la pantalla de cobre en los conductores electricos.En alambre galvanizado para protecci\u00f3n contra roedores, para instalaciones el\u00e9ctricas ya existentes Silos-Balanzas- Galpones de Pollos- instalaciones navalesTodo tipo de cableado dif\u00edcil de reemplazarSe coloca [&hellip;]<\/p>\n","protected":false},"author":1,"featured_media":255,"parent":0,"menu_order":0,"comment_status":"closed","ping_status":"closed","template":"","meta":{"footnotes":""},"class_list":["post-253","page","type-page","status-publish","has-post-thumbnail","hentry"],"_links":{"self":[{"href":"https:\/\/flexitub.com.ar\/index.php\/wp-json\/wp\/v2\/pages\/253","targetHints":{"allow":["GET"]}}],"collection":[{"href":"https:\/\/flexitub.com.ar\/index.php\/wp-json\/wp\/v2\/pages"}],"about":[{"href":"https:\/\/flexitub.com.ar\/index.php\/wp-json\/wp\/v2\/types\/page"}],"author":[{"embeddable":true,"href":"https:\/\/flexitub.com.ar\/index.php\/wp-json\/wp\/v2\/users\/1"}],"replies":[{"embeddable":true,"href":"https:\/\/flexitub.com.ar\/index.php\/wp-json\/wp\/v2\/comments?post=253"}],"version-history":[{"count":4,"href":"https:\/\/flexitub.com.ar\/index.php\/wp-json\/wp\/v2\/pages\/253\/revisions"}],"predecessor-version":[{"id":259,"href":"https:\/\/flexitub.com.ar\/index.php\/wp-json\/wp\/v2\/pages\/253\/revisions\/259"}],"wp:featuredmedia":[{"embeddable":true,"href":"https:\/\/flexitub.com.ar\/index.php\/wp-json\/wp\/v2\/media\/255"}],"wp:attachment":[{"href":"https:\/\/flexitub.com.ar\/index.php\/wp-json\/wp\/v2\/media?parent=253"}],"curies":[{"name":"wp","href":"https:\/\/api.w.org\/{rel}","templated":true}]}}