{"id":280,"date":"2023-06-07T15:06:04","date_gmt":"2023-06-07T18:06:04","guid":{"rendered":"https:\/\/flexitub.nextwayhost.com\/?page_id=280"},"modified":"2023-06-07T15:09:29","modified_gmt":"2023-06-07T18:09:29","slug":"la-empresa","status":"publish","type":"page","link":"https:\/\/flexitub.com.ar\/index.php\/la-empresa\/","title":{"rendered":"La Empresa"},"content":{"rendered":"\t\t<div data-elementor-type=\"wp-page\" data-elementor-id=\"280\" class=\"elementor elementor-280\" data-elementor-post-type=\"page\">\n\t\t\t\t\t\t<section class=\"elementor-section elementor-top-section elementor-element elementor-element-3225994 elementor-section-boxed elementor-section-height-default elementor-section-height-default\" data-id=\"3225994\" data-element_type=\"section\" data-e-type=\"section\">\n\t\t\t\t\t\t<div class=\"elementor-container elementor-column-gap-default\">\n\t\t\t\t\t<div class=\"elementor-column elementor-col-100 elementor-top-column elementor-element elementor-element-f0bf7f7\" data-id=\"f0bf7f7\" data-element_type=\"column\" data-e-type=\"column\">\n\t\t\t<div class=\"elementor-widget-wrap elementor-element-populated\">\n\t\t\t\t\t\t<div class=\"elementor-element elementor-element-41577ab elementor-widget elementor-widget-heading\" data-id=\"41577ab\" data-element_type=\"widget\" data-e-type=\"widget\" data-widget_type=\"heading.default\">\n\t\t\t\t<div class=\"elementor-widget-container\">\n\t\t\t\t\t<h3 class=\"elementor-heading-title elementor-size-default\">La Empresa<\/h3>\t\t\t\t<\/div>\n\t\t\t\t<\/div>\n\t\t\t\t<div class=\"elementor-element elementor-element-f1cd949 elementor-widget elementor-widget-text-editor\" data-id=\"f1cd949\" data-element_type=\"widget\" data-e-type=\"widget\" data-widget_type=\"text-editor.default\">\n\t\t\t\t<div class=\"elementor-widget-container\">\n\t\t\t\t\t\t\t\t\t<p>Flexitub es Marca Registrada, una empresa argentina con una amplia trayectoria, dedicados desde 1982, cita desde entonces en la localidad de Jos\u00e9 Ingenieros donde desarrolla su actividad y provee a las principales distribuidores e industrias del pa\u00eds.<\/p><p>Dedicados a la fabricaci\u00f3n y venta de ca\u00f1os met\u00e1licos flexibles, mangueras con malla met\u00e1lica, mallas met\u00e1licas, conectores, capuchones, m\u00e1quinas prensa capuchones, etc.<\/p><p>Nuestra empresa tiene una amplia y s\u00f3lida experiencia en la fabricaci\u00f3n de ca\u00f1os met\u00e1licos flexibles, adem\u00e1s contamos con los requerimientos t\u00e9cnicos y las medidas de seguridad necesarias para obtener un producto final de excelente calidad, de esta manera garantizamos la satisfacci\u00f3n total de nuestros clientes.<\/p>\t\t\t\t\t\t\t\t<\/div>\n\t\t\t\t<\/div>\n\t\t\t\t\t<\/div>\n\t\t<\/div>\n\t\t\t\t\t<\/div>\n\t\t<\/section>\n\t\t\t\t<\/div>\n\t\t","protected":false},"excerpt":{"rendered":"<p>La Empresa Flexitub es Marca Registrada, una empresa argentina con una amplia trayectoria, dedicados desde 1982, cita desde entonces en la localidad de Jos\u00e9 Ingenieros donde desarrolla su actividad y provee a las principales distribuidores e industrias del pa\u00eds. Dedicados a la fabricaci\u00f3n y venta de ca\u00f1os met\u00e1licos flexibles, mangueras con malla met\u00e1lica, mallas met\u00e1licas, [&hellip;]<\/p>\n","protected":false},"author":1,"featured_media":0,"parent":0,"menu_order":0,"comment_status":"closed","ping_status":"closed","template":"","meta":{"footnotes":""},"class_list":["post-280","page","type-page","status-publish","hentry"],"_links":{"self":[{"href":"https:\/\/flexitub.com.ar\/index.php\/wp-json\/wp\/v2\/pages\/280","targetHints":{"allow":["GET"]}}],"collection":[{"href":"https:\/\/flexitub.com.ar\/index.php\/wp-json\/wp\/v2\/pages"}],"about":[{"href":"https:\/\/flexitub.com.ar\/index.php\/wp-json\/wp\/v2\/types\/page"}],"author":[{"embeddable":true,"href":"https:\/\/flexitub.com.ar\/index.php\/wp-json\/wp\/v2\/users\/1"}],"replies":[{"embeddable":true,"href":"https:\/\/flexitub.com.ar\/index.php\/wp-json\/wp\/v2\/comments?post=280"}],"version-history":[{"count":8,"href":"https:\/\/flexitub.com.ar\/index.php\/wp-json\/wp\/v2\/pages\/280\/revisions"}],"predecessor-version":[{"id":290,"href":"https:\/\/flexitub.com.ar\/index.php\/wp-json\/wp\/v2\/pages\/280\/revisions\/290"}],"wp:attachment":[{"href":"https:\/\/flexitub.com.ar\/index.php\/wp-json\/wp\/v2\/media?parent=280"}],"curies":[{"name":"wp","href":"https:\/\/api.w.org\/{rel}","templated":true}]}}